{"id":9,"date":"2024-11-09T19:12:38","date_gmt":"2024-11-09T18:12:38","guid":{"rendered":"https:\/\/www.sinnisamtsstube.at\/?page_id=9"},"modified":"2026-04-17T16:46:22","modified_gmt":"2026-04-17T14:46:22","slug":"home","status":"publish","type":"page","link":"https:\/\/www.sinnisamtsstube.at\/","title":{"rendered":"Home"},"content":{"rendered":"\t\t<div data-elementor-type=\"wp-post\" data-elementor-id=\"9\" class=\"elementor elementor-9\">\n\t\t\t\t<div class=\"elementor-element elementor-element-f1e7885 e-flex e-con-boxed e-con e-parent\" data-id=\"f1e7885\" data-element_type=\"container\" data-e-type=\"container\">\n\t\t\t\t\t<div class=\"e-con-inner\">\n\t\t\t\t<div class=\"elementor-element elementor-element-01d0e59 elementor-widget elementor-widget-text-editor\" data-id=\"01d0e59\" data-element_type=\"widget\" data-e-type=\"widget\" data-widget_type=\"text-editor.default\">\n\t\t\t\t<div class=\"elementor-widget-container\">\n\t\t\t\t\t\t\t\t\t<p>Herzlich Willkommen in unserer <strong>Amtsstube<\/strong><\/p><p>Gustieren Sie in unserer <strong>aktuellen Speisekarte<\/strong>!<\/p><p><strong>Beachten Sie unseren Mittags-Tagesteller!<\/strong><\/p><p><strong>Geschlossene Gesellschaften auf Anfrage auch au\u00dferhalb der \u00d6ffnungszeiten m\u00f6glich!<\/strong><\/p><p><strong>NEU<\/strong> unser <strong>ZUSATZANGEBOT<\/strong>:\u00a0 jeden <strong>SAMSTAG STREETFOOD<\/strong> <strong>ABEND<\/strong> !\u00a0<\/p><p>Nat\u00fcrlich k\u00f6nnen Sie an jedem Streetfood Abend auch aus unserer Speisekarte w\u00e4hlen.<\/p><p>Unser Restaurant mit hochwertiger, kaiserlicher K\u00fcche und angenehmen Ambiente inmitten der Bezirkshauptstadt <strong>G\u00e4nserndorf<\/strong> wartet auf Sie.<\/p><p>Wir bitten zu Tisch mit kreativen, frisch zubereiteten Speisen, einem Service mit Herz, Wissen und pers\u00f6nlicher Note, sowie einem heimeligen, mit Charme und Liebe ausgestatteten Restaurant.<\/p><p>Verschiedene R\u00e4umlichkeiten, sowie ein Gast- und ein Schanigarten in der w\u00e4rmeren Jahreszeit erwarten Sie.<\/p><p><strong>Lassen Sie sich kaiserlich verw\u00f6hnen, wir freuen uns auf Sie!<\/strong><\/p><p>Telefonische Reservierung m\u00f6glich unter <strong>0699\/150 777 11<\/strong>.<\/p>\t\t\t\t\t\t\t\t<\/div>\n\t\t\t\t<\/div>\n\t\t\t\t<div class=\"elementor-element elementor-element-5948c1f elementor-widget elementor-widget-image\" data-id=\"5948c1f\" data-element_type=\"widget\" data-e-type=\"widget\" data-widget_type=\"image.default\">\n\t\t\t\t<div class=\"elementor-widget-container\">\n\t\t\t\t\t\t\t\t\t\t\t\t\t\t\t<img decoding=\"async\" src=\"https:\/\/www.sinnisamtsstube.at\/wp-content\/uploads\/2026\/01\/Ankuendigung-Streetfood-HP.jpg\" title=\"\" alt=\"\" loading=\"lazy\" \/>\t\t\t\t\t\t\t\t\t\t\t\t\t\t\t<\/div>\n\t\t\t\t<\/div>\n\t\t\t\t\t<\/div>\n\t\t\t\t<\/div>\n\t\t<div class=\"elementor-element elementor-element-28e05a4 e-flex e-con-boxed e-con e-parent\" data-id=\"28e05a4\" data-element_type=\"container\" data-e-type=\"container\">\n\t\t\t\t\t<div class=\"e-con-inner\">\n\t\t\t\t<div class=\"elementor-element elementor-element-ca463a6 elementor-widget elementor-widget-image\" data-id=\"ca463a6\" data-element_type=\"widget\" data-e-type=\"widget\" data-widget_type=\"image.default\">\n\t\t\t\t<div class=\"elementor-widget-container\">\n\t\t\t\t\t\t\t\t\t\t\t\t\t\t\t<img fetchpriority=\"high\" decoding=\"async\" width=\"940\" height=\"944\" src=\"https:\/\/www.sinnisamtsstube.at\/wp-content\/uploads\/2025\/08\/Schank.jpg\" class=\"attachment-large size-large wp-image-522\" alt=\"\" srcset=\"https:\/\/www.sinnisamtsstube.at\/wp-content\/uploads\/2025\/08\/Schank.jpg 940w, https:\/\/www.sinnisamtsstube.at\/wp-content\/uploads\/2025\/08\/Schank-300x300.jpg 300w, https:\/\/www.sinnisamtsstube.at\/wp-content\/uploads\/2025\/08\/Schank-150x150.jpg 150w, https:\/\/www.sinnisamtsstube.at\/wp-content\/uploads\/2025\/08\/Schank-768x771.jpg 768w\" sizes=\"(max-width: 940px) 100vw, 940px\" \/>\t\t\t\t\t\t\t\t\t\t\t\t\t\t\t<\/div>\n\t\t\t\t<\/div>\n\t\t\t\t\t<\/div>\n\t\t\t\t<\/div>\n\t\t<div class=\"elementor-element elementor-element-d9a1d2c e-flex e-con-boxed e-con e-parent\" data-id=\"d9a1d2c\" data-element_type=\"container\" data-e-type=\"container\">\n\t\t\t\t\t<div class=\"e-con-inner\">\n\t\t\t\t<div class=\"elementor-element elementor-element-4c1ca6f elementor-widget-divider--view-line elementor-widget elementor-widget-divider\" data-id=\"4c1ca6f\" data-element_type=\"widget\" data-e-type=\"widget\" data-widget_type=\"divider.default\">\n\t\t\t\t<div class=\"elementor-widget-container\">\n\t\t\t\t\t\t\t<div class=\"elementor-divider\">\n\t\t\t<span class=\"elementor-divider-separator\">\n\t\t\t\t\t\t<\/span>\n\t\t<\/div>\n\t\t\t\t\t\t<\/div>\n\t\t\t\t<\/div>\n\t\t\t\t\t<\/div>\n\t\t\t\t<\/div>\n\t\t<div class=\"elementor-element elementor-element-bc7c261 e-grid e-con-full e-con e-parent\" data-id=\"bc7c261\" data-element_type=\"container\" data-e-type=\"container\">\n\t\t\t\t<div class=\"elementor-element elementor-element-b154bc5 elementor-widget elementor-widget-text-editor\" data-id=\"b154bc5\" data-element_type=\"widget\" data-e-type=\"widget\" data-widget_type=\"text-editor.default\">\n\t\t\t\t<div class=\"elementor-widget-container\">\n\t\t\t\t\t\t\t\t\t<p><strong>\u00d6ffnungszeiten<br \/><\/strong><\/p><p>Dienstag: 11-15 Uhr<\/p><p>Mittwoch: 11-15 Uhr<\/p><p>Donnerstag: 11-15 Uhr<\/p><p>Freitag: 11-15 &amp; 17-22 Uhr<\/p><p>Samstag: 17-22 Uhr<\/p><p>Sonntag: 11-16 Uhr<\/p>\t\t\t\t\t\t\t\t<\/div>\n\t\t\t\t<\/div>\n\t\t\t\t<div class=\"elementor-element elementor-element-f48ad7c elementor-widget elementor-widget-text-editor\" data-id=\"f48ad7c\" data-element_type=\"widget\" data-e-type=\"widget\" data-widget_type=\"text-editor.default\">\n\t\t\t\t<div class=\"elementor-widget-container\">\n\t\t\t\t\t\t\t\t\t<p><span style=\"margin: 0px; padding: 0px; border: 0px; font-variant-numeric: inherit; font-variant-east-asian: inherit; font-variant-alternates: inherit; font-variant-position: inherit; font-weight: 600; font-stretch: inherit; line-height: inherit; font-family: Titillium, Arial, sans-serif; font-optical-sizing: inherit; font-size-adjust: inherit; font-kerning: inherit; font-feature-settings: inherit; font-variation-settings: inherit; vertical-align: baseline; color: #777777; background-color: #ffffff;\">K\u00dcCHENZEITEN<\/span><\/p><p>Dienstag: 11-14:30 Uhr<\/p><p>Mittwoch: 11-14:30 Uhr<\/p><p>Donnerstag: 11-14:30 Uhr<\/p><p>Freitag: 11-14:30 &amp; 17-21 Uhr<\/p><p>Samstag: 17-21 Uhr<\/p><p>Sonntag: 11-15 Uhr<\/p><p>\u00a0<\/p>\t\t\t\t\t\t\t\t<\/div>\n\t\t\t\t<\/div>\n\t\t\t\t<div class=\"elementor-element elementor-element-3279671 elementor-widget elementor-widget-text-editor\" data-id=\"3279671\" data-element_type=\"widget\" data-e-type=\"widget\" data-widget_type=\"text-editor.default\">\n\t\t\t\t<div class=\"elementor-widget-container\">\n\t\t\t\t\t\t\t\t\t<p><span style=\"color: #777777; font-family: Titillium, Arial, sans-serif; background-color: #ffffff;\">SINNIS AMTSSTUBE<\/span><br style=\"color: #777777; font-family: Titillium, Arial, sans-serif; background-color: #ffffff;\" \/><span style=\"color: #777777; font-family: Titillium, Arial, sans-serif; background-color: #ffffff;\">Andreas Chen Joos<\/span><br style=\"color: #777777; font-family: Titillium, Arial, sans-serif; background-color: #ffffff;\" \/><span style=\"color: #777777; font-family: Titillium, Arial, sans-serif;\">Hauptstra\u00dfe 31<br \/><\/span>2230 G\u00e4nserndorf<\/p><p><br style=\"color: #777777; font-family: Titillium, Arial, sans-serif; background-color: #ffffff;\" \/><a style=\"margin: 0px; padding: 0px; border: 0px; font-variant-numeric: inherit; font-variant-east-asian: inherit; font-variant-alternates: inherit; font-variant-position: inherit; font-stretch: inherit; line-height: inherit; font-family: Titillium, Arial, sans-serif; font-optical-sizing: inherit; font-size-adjust: inherit; font-kerning: inherit; font-feature-settings: inherit; font-variation-settings: inherit; vertical-align: baseline; color: #777777; text-decoration-line: underline; transition: 0.2s; background-color: #ffffff;\" href=\"mailtoandis@sinnisamtsstube.at\">andis@sinnisamtsstube.at<\/a><br style=\"color: #777777; font-family: Titillium, Arial, sans-serif; background-color: #ffffff;\" \/><a style=\"margin: 0px; padding: 0px; border: 0px; font-variant-numeric: inherit; font-variant-east-asian: inherit; font-variant-alternates: inherit; font-variant-position: inherit; font-stretch: inherit; line-height: inherit; font-family: Titillium, Arial, sans-serif; font-optical-sizing: inherit; font-size-adjust: inherit; font-kerning: inherit; font-feature-settings: inherit; font-variation-settings: inherit; vertical-align: baseline; color: #777777; text-decoration-line: underline; transition: 0.2s; background-color: #ffffff;\" href=\"tel:+4369915077711\">+43 699150 777 11<\/a><\/p>\t\t\t\t\t\t\t\t<\/div>\n\t\t\t\t<\/div>\n\t\t\t\t<\/div>\n\t\t<div class=\"elementor-element elementor-element-3f8fa0d e-flex e-con-boxed e-con e-parent\" data-id=\"3f8fa0d\" data-element_type=\"container\" data-e-type=\"container\">\n\t\t\t\t\t<div class=\"e-con-inner\">\n\t\t\t\t<div class=\"elementor-element elementor-element-e4a714f elementor-widget elementor-widget-image\" data-id=\"e4a714f\" data-element_type=\"widget\" data-e-type=\"widget\" data-widget_type=\"image.default\">\n\t\t\t\t<div class=\"elementor-widget-container\">\n\t\t\t\t\t\t\t\t\t\t\t\t\t\t\t<img decoding=\"async\" width=\"676\" height=\"1024\" src=\"https:\/\/www.sinnisamtsstube.at\/wp-content\/uploads\/2026\/03\/IMG_E6724-676x1024.jpg\" class=\"attachment-large size-large wp-image-1140\" alt=\"\" srcset=\"https:\/\/www.sinnisamtsstube.at\/wp-content\/uploads\/2026\/03\/IMG_E6724-676x1024.jpg 676w, https:\/\/www.sinnisamtsstube.at\/wp-content\/uploads\/2026\/03\/IMG_E6724-198x300.jpg 198w, https:\/\/www.sinnisamtsstube.at\/wp-content\/uploads\/2026\/03\/IMG_E6724-768x1163.jpg 768w, https:\/\/www.sinnisamtsstube.at\/wp-content\/uploads\/2026\/03\/IMG_E6724.jpg 831w\" sizes=\"(max-width: 676px) 100vw, 676px\" \/>\t\t\t\t\t\t\t\t\t\t\t\t\t\t\t<\/div>\n\t\t\t\t<\/div>\n\t\t\t\t\t<\/div>\n\t\t\t\t<\/div>\n\t\t<div class=\"elementor-element elementor-element-7e68dfe e-flex e-con-boxed e-con e-parent\" data-id=\"7e68dfe\" data-element_type=\"container\" data-e-type=\"container\">\n\t\t\t\t\t<div class=\"e-con-inner\">\n\t\t\t\t<div class=\"elementor-element elementor-element-cb1b3a9 elementor-widget elementor-widget-image\" data-id=\"cb1b3a9\" data-element_type=\"widget\" data-e-type=\"widget\" data-widget_type=\"image.default\">\n\t\t\t\t<div class=\"elementor-widget-container\">\n\t\t\t\t\t\t\t\t\t\t\t\t\t\t\t<img decoding=\"async\" width=\"473\" height=\"675\" src=\"https:\/\/www.sinnisamtsstube.at\/wp-content\/uploads\/2026\/04\/Tagesteller-21.04-24.04.png\" class=\"attachment-large size-large wp-image-1180\" alt=\"\" srcset=\"https:\/\/www.sinnisamtsstube.at\/wp-content\/uploads\/2026\/04\/Tagesteller-21.04-24.04.png 473w, https:\/\/www.sinnisamtsstube.at\/wp-content\/uploads\/2026\/04\/Tagesteller-21.04-24.04-210x300.png 210w\" sizes=\"(max-width: 473px) 100vw, 473px\" \/>\t\t\t\t\t\t\t\t\t\t\t\t\t\t\t<\/div>\n\t\t\t\t<\/div>\n\t\t\t\t\t<\/div>\n\t\t\t\t<\/div>\n\t\t<div class=\"elementor-element elementor-element-a5aadd9 e-flex e-con-boxed e-con e-parent\" data-id=\"a5aadd9\" data-element_type=\"container\" data-e-type=\"container\">\n\t\t\t\t\t<div class=\"e-con-inner\">\n\t\t\t\t<div class=\"elementor-element elementor-element-921380f elementor-widget elementor-widget-image\" data-id=\"921380f\" data-element_type=\"widget\" data-e-type=\"widget\" data-widget_type=\"image.default\">\n\t\t\t\t<div class=\"elementor-widget-container\">\n\t\t\t\t\t\t\t\t\t\t\t\t\t\t\t<img loading=\"lazy\" decoding=\"async\" width=\"1024\" height=\"683\" src=\"https:\/\/www.sinnisamtsstube.at\/wp-content\/uploads\/2026\/04\/Spargel-foto--1024x683.png\" class=\"attachment-large size-large wp-image-1187\" alt=\"\" srcset=\"https:\/\/www.sinnisamtsstube.at\/wp-content\/uploads\/2026\/04\/Spargel-foto--1024x683.png 1024w, https:\/\/www.sinnisamtsstube.at\/wp-content\/uploads\/2026\/04\/Spargel-foto--300x200.png 300w, https:\/\/www.sinnisamtsstube.at\/wp-content\/uploads\/2026\/04\/Spargel-foto--768x512.png 768w, https:\/\/www.sinnisamtsstube.at\/wp-content\/uploads\/2026\/04\/Spargel-foto-.png 1536w\" sizes=\"(max-width: 1024px) 100vw, 1024px\" \/>\t\t\t\t\t\t\t\t\t\t\t\t\t\t\t<\/div>\n\t\t\t\t<\/div>\n\t\t\t\t\t<\/div>\n\t\t\t\t<\/div>\n\t\t<div class=\"elementor-element elementor-element-1d80c1c e-flex e-con-boxed e-con e-parent\" data-id=\"1d80c1c\" data-element_type=\"container\" data-e-type=\"container\">\n\t\t\t\t\t<div class=\"e-con-inner\">\n\t\t\t\t<div class=\"elementor-element elementor-element-b8efadf elementor-widget elementor-widget-image\" data-id=\"b8efadf\" data-element_type=\"widget\" data-e-type=\"widget\" data-widget_type=\"image.default\">\n\t\t\t\t<div class=\"elementor-widget-container\">\n\t\t\t\t\t\t\t\t\t\t\t\t\t\t\t<img loading=\"lazy\" decoding=\"async\" width=\"611\" height=\"853\" src=\"https:\/\/www.sinnisamtsstube.at\/wp-content\/uploads\/2026\/04\/Spargel-Groess.png\" class=\"attachment-large size-large wp-image-1200\" alt=\"\" srcset=\"https:\/\/www.sinnisamtsstube.at\/wp-content\/uploads\/2026\/04\/Spargel-Groess.png 611w, https:\/\/www.sinnisamtsstube.at\/wp-content\/uploads\/2026\/04\/Spargel-Groess-215x300.png 215w\" sizes=\"(max-width: 611px) 100vw, 611px\" \/>\t\t\t\t\t\t\t\t\t\t\t\t\t\t\t<\/div>\n\t\t\t\t<\/div>\n\t\t\t\t\t<\/div>\n\t\t\t\t<\/div>\n\t\t\t\t<\/div>\n\t\t","protected":false},"excerpt":{"rendered":"<p>Herzlich Willkommen in unserer Amtsstube Gustieren Sie in unserer aktuellen Speisekarte! Beachten Sie unseren Mittags-Tagesteller! Geschlossene Gesellschaften auf Anfrage auch au\u00dferhalb der \u00d6ffnungszeiten m\u00f6glich! NEU unser ZUSATZANGEBOT:\u00a0 jeden SAMSTAG STREETFOOD ABEND !\u00a0 Nat\u00fcrlich k\u00f6nnen Sie an jedem Streetfood Abend auch aus unserer Speisekarte w\u00e4hlen. Unser Restaurant mit hochwertiger, kaiserlicher K\u00fcche und angenehmen Ambiente inmitten der [&hellip;]<\/p>\n","protected":false},"author":1,"featured_media":0,"parent":0,"menu_order":0,"comment_status":"closed","ping_status":"closed","template":"elementor_theme","meta":{"footnotes":""},"class_list":["post-9","page","type-page","status-publish","hentry"],"_links":{"self":[{"href":"https:\/\/www.sinnisamtsstube.at\/index.php?rest_route=\/wp\/v2\/pages\/9","targetHints":{"allow":["GET"]}}],"collection":[{"href":"https:\/\/www.sinnisamtsstube.at\/index.php?rest_route=\/wp\/v2\/pages"}],"about":[{"href":"https:\/\/www.sinnisamtsstube.at\/index.php?rest_route=\/wp\/v2\/types\/page"}],"author":[{"embeddable":true,"href":"https:\/\/www.sinnisamtsstube.at\/index.php?rest_route=\/wp\/v2\/users\/1"}],"replies":[{"embeddable":true,"href":"https:\/\/www.sinnisamtsstube.at\/index.php?rest_route=%2Fwp%2Fv2%2Fcomments&post=9"}],"version-history":[{"count":362,"href":"https:\/\/www.sinnisamtsstube.at\/index.php?rest_route=\/wp\/v2\/pages\/9\/revisions"}],"predecessor-version":[{"id":1203,"href":"https:\/\/www.sinnisamtsstube.at\/index.php?rest_route=\/wp\/v2\/pages\/9\/revisions\/1203"}],"wp:attachment":[{"href":"https:\/\/www.sinnisamtsstube.at\/index.php?rest_route=%2Fwp%2Fv2%2Fmedia&parent=9"}],"curies":[{"name":"wp","href":"https:\/\/api.w.org\/{rel}","templated":true}]}}